{"id":3,"date":"2024-07-09T15:07:44","date_gmt":"2024-07-09T13:07:44","guid":{"rendered":"http:\/\/blisko.ch\/?page_id=3"},"modified":"2024-07-16T17:40:27","modified_gmt":"2024-07-16T15:40:27","slug":"polityka-prywatnosci","status":"publish","type":"page","link":"https:\/\/blisko.ch\/en\/polityka-prywatnosci\/","title":{"rendered":"Privacy policy"},"content":{"rendered":"[et_pb_section fb_built=\u201d1\u2033 admin_label=\u201dsection\u201d _builder_version=\u201d4.16\u2033 global_colors_info=\u201d{}\u201d][et_pb_row admin_label=\u201drow\u201d _builder_version=\u201d4.16\u2033 background_size=\u201dinitial\u201d background_position=\u201dtop_left\u201d background_repeat=\u201drepeat\u201d global_colors_info=\u201d{}\u201d][et_pb_column type=\u201d4_4\u2033 _builder_version=\u201d4.16\u2033 custom_padding=\u201d||\u201d global_colors_info=\u201d{}\u201d custom_padding__hover=\u201d|||\u201d][et_pb_text admin_label=\u201dText\u201d _builder_version=\u201d4.26.0\u2033 background_size=\u201dinitial\u201d background_position=\u201dtop_left\u201d background_repeat=\u201drepeat\u201d hover_enabled=\u201d0\u2033 global_colors_info=\u201d{}\u201d sticky_enabled=\u201d0\u2033]<p><\/p>\n<h2 class=\"wp-block-heading\">Who we are<\/h2>\n<p><br \/><\/p>\n<p>Our website address is: http:\/\/blisko.ch.<\/p>\n<p>&nbsp;<\/p>\n<p><br \/><\/p>\n<h2 class=\"wp-block-heading\">Media<\/h2>\n<p>&nbsp;<\/p>\n<p>Visitors to the site can download and read full location data from images on the site.<\/p>\n<p><br \/><\/p>\n<h2 class=\"wp-block-heading\">Cookies<\/h2>\n<p><br \/><\/p>\n<p>Our website uses cookies.  Cookies are small text information stored on your terminal device (e.g. computer, tablet, smartphone) that can be read by our ICT system (our own cookies) or by the ICT system of third parties (third-party cookies). Some of the cookies we use are deleted when your browser session ends, i.e. when you close your browser (so-called session cookies). Other cookies are stored on your terminal device and enable us to recognise your browser the next time you visit the website (persistent cookies).<\/p>\n<p>On your first visit to the website, you will be shown information about the use of cookies, together with a question about your consent to the use of cookies.<br \/>You can always change the cookie settings from within your browser or delete cookies altogether. Browsers manage the cookie settings in different ways. Please refer to your browser's help menu for an explanation of how to change your cookie settings.<br \/>You can also manage your cookie settings by installing special add-ons that allow you to control cookies, disabling or restricting cookies may cause difficulties in using our website, as well as many other websites that use cookies.<\/p>\n<p>&nbsp;<\/p>\n<h2><\/h2>\n<h2>Server logs<\/h2>\n<p>&nbsp;<\/p>\n<p>The use of the website involves sending requests to the server where the website is stored. Each request made to the server is recorded in the server logs. <br \/>The logs include, among other things, your IP address, the date and time of the server, information about the web browser and the operating system you are using. <br \/>The logs are saved and stored on the server. The data stored in the server logs are not associated with specific users of the website and are not used by us to identify you. <br \/>The server logs are only ancillary material for the administration of the site, and their contents are not disclosed to anyone other than those authorised to administer the server.<\/p>\n<p>&nbsp;<\/p>\n<p>&nbsp;<\/p>\n<h2>Google Analytics<\/h2>\n<p>&nbsp;<\/p>\n<p>We use the Google Analytics tool provided by Google LLC, based in the USA. The purpose is to create statistics and analyse them in order to optimise our websites. The data collected is personal data and does not make it possible to identify you. The information we have access to as part of Google Analytics includes, in particular: information about the operating system and the web browser you use, the pages you view within our website, the time you spend on our website and on its sub-pages, the source from which you navigate to our website. As part of Google Analytics, we use Advertising Features such as demographic and interest reports, the age range you are in, your gender, your approximate location, interests determined from your online activity.<br \/>In order to use Google Analytics, we have implemented a special Google Analytics tracking code in the code of our website. The tracking code uses cookies from Google LLC concerning the Google Analytics service.<\/p>\n<p>&nbsp;<\/p>\n<p>&nbsp;<\/p>\n<h2>Social tools<\/h2>\n<p>&nbsp;<\/p>\n<p>Social tools provided by social networks such as Instagram are used on our website.<br \/>The purpose and scope of data collection and the further processing and use of data by the service providers, as well as the possibility of contacting you and your rights in this respect and the possibility to make settings to ensure your privacy is protected are described in the privacy policies of the individual service providers. Instagram - <a href=\"https:\/\/help.instagram.com\/155833707900388\" target=\"_blank\" rel=\"noopener\">https:\/\/help.instagram.com\/155833707900388.<\/a><\/p>\n<p><br \/><\/p>\n<h2 class=\"wp-block-heading\">Embedding content from other sites<\/h2>\n<p><br \/><\/p>\n<p>Articles on this website may contain embedded content (e.g. videos, images, articles, etc.). Embedded content from other sites behaves as if the user had visited a specific site directly.<\/p>\n<p><br \/><\/p>\n<p>Sites may collect information about you, use cookies, attach additional third-party tracking systems and monitor your interactions with embedded material, including tracking your interactions with embedded material if you have an account and are logged into that site.<\/p>\n<p><br \/><\/p>\n<h2 class=\"wp-block-heading\">With whom we share data<\/h2>\n<p><br \/><\/p>\n<p>If you request a password reset, your IP address will be included in the message sent.<\/p>\n<p><br \/><\/p>\n<h2 class=\"wp-block-heading\">How long we keep your data<\/h2>\n<p><br \/><\/p>\n<p>If you leave a comment, its content and metadata will be stored indefinitely. In this way, we are able to recognise and approve subsequent comments automatically, without sending them for moderation each time.<\/p>\n<p><br \/><\/p>\n<p>For users who have registered on our website (if any), we also store the personal information entered in the profile. Any user can review, correct or delete their personal information at any time (except for their username, which cannot be changed). Site administrators may also view and modify this information.<\/p>\n<p><br \/><\/p>\n<h2 class=\"wp-block-heading\">What rights do you have to your data<\/h2>\n<p><br \/><\/p>\n<p>If you have a user account or have posted comments on this site, you may request a file with an exported set of your personal information held by us, including all information provided by you. You may also request that we delete all personal data in our possession. This does not apply to any data we are obliged to retain for administrative, legal or security reasons.<\/p>\n<p><br \/><\/p>\n<h2 class=\"wp-block-heading\">Where we send your data<\/h2>\n<p><br \/><\/p>\n<p>Visitor comments can be checked using an automated spam detection service.<\/p>\n<p><\/p>[\/et_pb_text][\/et_pb_column][\/et_pb_row][\/et_pb_section].<span class=\"et_bloom_bottom_trigger\"><\/span>","protected":false},"excerpt":{"rendered":"<p>Who we are Our website address is: http:\/\/blisko.ch.   Media Visitors to the site can download and read full location details from images on the site. Cookies - cookies Our website uses cookies.  Cookies are small textual information stored on your terminal device (e.g. computer, tablet, smartphone) that can be read by our ICT system (cookies [...].<\/p>","protected":false},"author":1,"featured_media":0,"parent":0,"menu_order":0,"comment_status":"closed","ping_status":"open","template":"","meta":{"_et_pb_use_builder":"on","_et_pb_old_content":"<!-- wp:heading -->\n<h2 class=\"wp-block-heading\">Kim jeste\u015bmy<\/h2>\n<!-- \/wp:heading -->\n<!-- wp:paragraph -->\n<p><strong class=\"privacy-policy-tutorial\">Sugerowany tekst: <\/strong>Adres naszej strony internetowej to: http:\/\/blisko.ch.<\/p>\n<!-- \/wp:paragraph -->\n<!-- wp:heading -->\n<h2 class=\"wp-block-heading\">Komentarze<\/h2>\n<!-- \/wp:heading -->\n<!-- wp:paragraph -->\n<p><strong class=\"privacy-policy-tutorial\">Sugerowany tekst: <\/strong>Kiedy odwiedzaj\u0105cy witryn\u0119 zostawia komentarz, zbieramy dane widoczne w formularzu komentowania, jak i adres IP odwiedzaj\u0105cego oraz podpis jego przegl\u0105darki jako pomoc przy wykrywaniu spamu.<\/p>\n<!-- \/wp:paragraph -->\n<!-- wp:paragraph -->\n<p>Anonimizowany ci\u0105g znak\u00f3w utworzony z twojego adresu e-mail (zwany te\u017c hashem) mo\u017ce zosta\u0107 przes\u0142any do us\u0142ugi Gravatar w celu sprawdzenia czy jest u\u017cywany. Polityka prywatno\u015bci us\u0142ugi Gravatar jest dost\u0119pna pod adresem: https:\/\/automattic.com\/privacy\/. Po zatwierdzeniu komentarza tw\u00f3j obrazek profilowy jest widoczny publicznie w kontek\u015bcie twojego komentarza.<\/p>\n<!-- \/wp:paragraph -->\n<!-- wp:heading -->\n<h2 class=\"wp-block-heading\">Media<\/h2>\n<!-- \/wp:heading -->\n<!-- wp:paragraph -->\n<p><strong class=\"privacy-policy-tutorial\">Sugerowany tekst: <\/strong>Je\u015bli jeste\u015b zarejestrowanym u\u017cytkownikiem i wgrywasz na witryn\u0119 obrazki, powiniene\u015b unika\u0107 przesy\u0142ania obrazk\u00f3w z tagami EXIF lokalizacji. Odwiedzaj\u0105cy stron\u0119 mog\u0105 pobra\u0107 i odczyta\u0107 pe\u0142ne dane lokalizacyjne z obrazk\u00f3w w witrynie.<\/p>\n<!-- \/wp:paragraph -->\n<!-- wp:heading -->\n<h2 class=\"wp-block-heading\">Ciasteczka<\/h2>\n<!-- \/wp:heading -->\n<!-- wp:paragraph -->\n<p><strong class=\"privacy-policy-tutorial\">Sugerowany tekst: <\/strong>Je\u015bli skomentujesz co\u015b w witrynie, b\u0119dzie mo\u017cna wybra\u0107 opcj\u0119 zapisu nazwy, adresu e-mail i witryny internetowej w ciasteczkach, dzi\u0119ki kt\u00f3rym podczas pisania kolejnych komentarzy powy\u017csze informacje b\u0119d\u0105 ju\u017c dogodnie uzupe\u0142nione. Ciasteczka wygasaj\u0105 po roku.<\/p>\n<!-- \/wp:paragraph -->\n<!-- wp:paragraph -->\n<p>Je\u015bli odwiedzisz stron\u0119 logowania, utworzymy tymczasowe ciasteczko na potrzeby sprawdzenia czy twoja przegl\u0105darka akceptuje ciasteczka. Nie zawiera ono \u017cadnych danych osobistych i zostanie usuni\u0119te, kiedy przegl\u0105darka zostanie zamkni\u0119ta.<\/p>\n<!-- \/wp:paragraph -->\n<!-- wp:paragraph -->\n<p>Podczas logowania tworzymy dodatkowo kilka ciasteczek potrzebnych do zapisu twoich informacji logowania oraz wybranych opcji ekranu. Ciasteczka logowania wygasaj\u0105 po dw\u00f3ch dniach, a opcji ekranu po roku. Je\u015bli zaznaczysz opcj\u0119 &bdquo;Pami\u0119taj mnie&rdquo;, logowanie wyga\u015bnie po dw\u00f3ch tygodniach. Je\u015bli wylogujesz si\u0119 ze swojego konta, ciasteczka logowania zostan\u0105 usuni\u0119te.<\/p>\n<!-- \/wp:paragraph -->\n<!-- wp:paragraph -->\n<p>Je\u015bli zmodyfikujesz albo opublikujesz artyku\u0142, w twojej przegl\u0105darce zostanie zapisane dodatkowe ciasteczko. To ciasteczko nie zawiera \u017cadnych danych osobistych, wskazuj\u0105c po prostu na identyfikator przed chwil\u0105 edytowanego artyku\u0142u. Wygasa ono po 1 dniu.<\/p>\n<!-- \/wp:paragraph -->\n<!-- wp:heading -->\n<h2 class=\"wp-block-heading\">Osadzone tre\u015bci z innych witryn<\/h2>\n<!-- \/wp:heading -->\n<!-- wp:paragraph -->\n<p><strong class=\"privacy-policy-tutorial\">Sugerowany tekst: <\/strong>Artyku\u0142y na tej witrynie mog\u0105 zawiera\u0107 osadzone tre\u015bci (np. filmy, obrazki, artyku\u0142y itp.). Osadzone tre\u015bci z innych witryn zachowuj\u0105 si\u0119 analogicznie do tego, jakby u\u017cytkownik odwiedzi\u0142 bezpo\u015brednio konkretn\u0105 witryn\u0119.<\/p>\n<!-- \/wp:paragraph -->\n<!-- wp:paragraph -->\n<p>Witryny mog\u0105 zbiera\u0107 informacje o tobie, u\u017cywa\u0107 ciasteczek, do\u0142\u0105cza\u0107 dodatkowe, zewn\u0119trzne systemy \u015bledzenia i monitorowa\u0107 twoje interakcje z osadzonym materia\u0142em, w\u0142\u0105czaj\u0105c w to \u015bledzenie twoich interakcji z osadzonym materia\u0142em je\u015bli posiadasz konto i jeste\u015b zalogowany w tamtej witrynie.<\/p>\n<!-- \/wp:paragraph -->\n<!-- wp:heading -->\n<h2 class=\"wp-block-heading\">Z kim dzielimy si\u0119 danymi<\/h2>\n<!-- \/wp:heading -->\n<!-- wp:paragraph -->\n<p><strong class=\"privacy-policy-tutorial\">Sugerowany tekst: <\/strong>Je\u015bli za\u017c\u0105dasz zresetowania has\u0142a, tw\u00f3j adres IP zostanie do\u0142\u0105czony do wysy\u0142anej wiadomo\u015bci.<\/p>\n<!-- \/wp:paragraph -->\n<!-- wp:heading -->\n<h2 class=\"wp-block-heading\">Jak d\u0142ugo przechowujemy twoje dane<\/h2>\n<!-- \/wp:heading -->\n<!-- wp:paragraph -->\n<p><strong class=\"privacy-policy-tutorial\">Sugerowany tekst: <\/strong>Je\u015bli zostawisz komentarz, jego tre\u015b\u0107 i metadane b\u0119d\u0105 przechowywane przez czas nieokre\u015blony. Dzi\u0119ki temu jeste\u015bmy w stanie rozpoznawa\u0107 i zatwierdza\u0107 kolejne komentarze automatycznie, bez wysy\u0142ania ich do ka\u017cdorazowej moderacji.<\/p>\n<!-- \/wp:paragraph -->\n<!-- wp:paragraph -->\n<p>Dla u\u017cytkownik\u00f3w kt\u00f3rzy zarejestrowali si\u0119 na naszej stronie internetowej (je\u015bli tacy s\u0105), przechowujemy r\u00f3wnie\u017c informacje osobiste wprowadzone w profilu. Ka\u017cdy u\u017cytkownik mo\u017ce dokona\u0107 wgl\u0105du, korekty albo skasowa\u0107 swoje informacje osobiste w dowolnej chwili (nie licz\u0105c nazwy u\u017cytkownika, kt\u00f3rej nie mo\u017cna zmieni\u0107). Administratorzy strony r\u00f3wnie\u017c mog\u0105 przegl\u0105da\u0107 i modyfikowa\u0107 te informacje.<\/p>\n<!-- \/wp:paragraph -->\n<!-- wp:heading -->\n<h2 class=\"wp-block-heading\">Jakie masz prawa do swoich danych<\/h2>\n<!-- \/wp:heading -->\n<!-- wp:paragraph -->\n<p><strong class=\"privacy-policy-tutorial\">Sugerowany tekst: <\/strong>Je\u015bli masz konto u\u017cytkownika albo doda\u0142e\u015b komentarze w tej witrynie, mo\u017cesz za\u017c\u0105da\u0107 dostarczenia pliku z wyeksportowanym kompletem twoich danych osobistych b\u0119d\u0105cych w naszym posiadaniu, w tym ca\u0142o\u015b\u0107 tych dostarczonych przez ciebie. Mo\u017cesz r\u00f3wnie\u017c za\u017c\u0105da\u0107 usuni\u0119cia przez nas ca\u0142o\u015bci twoich danych osobistych w naszym posiadaniu. Nie dotyczy to \u017cadnych danych kt\u00f3re jeste\u015bmy zobligowani zachowa\u0107 ze wzgl\u0119d\u00f3w administracyjnych, prawnych albo bezpiecze\u0144stwa.<\/p>\n<!-- \/wp:paragraph -->\n<!-- wp:heading -->\n<h2 class=\"wp-block-heading\">Gdzie wys\u0142amy twoje dane<\/h2>\n<!-- \/wp:heading -->\n<!-- wp:paragraph -->\n<p><strong class=\"privacy-policy-tutorial\">Sugerowany tekst: <\/strong>Komentarze go\u015bci mog\u0105 by\u0107 sprawdzane za pomoc\u0105 automatycznej us\u0142ugi wykrywania spamu.<\/p>\n<!-- \/wp:paragraph -->\n","_et_gb_content_width":"","_monsterinsights_skip_tracking":false,"_monsterinsights_sitenote_active":false,"_monsterinsights_sitenote_note":"","_monsterinsights_sitenote_category":0,"footnotes":""},"class_list":["post-3","page","type-page","status-publish","hentry"],"_links":{"self":[{"href":"https:\/\/blisko.ch\/en\/wp-json\/wp\/v2\/pages\/3","targetHints":{"allow":["GET"]}}],"collection":[{"href":"https:\/\/blisko.ch\/en\/wp-json\/wp\/v2\/pages"}],"about":[{"href":"https:\/\/blisko.ch\/en\/wp-json\/wp\/v2\/types\/page"}],"author":[{"embeddable":true,"href":"https:\/\/blisko.ch\/en\/wp-json\/wp\/v2\/users\/1"}],"replies":[{"embeddable":true,"href":"https:\/\/blisko.ch\/en\/wp-json\/wp\/v2\/comments?post=3"}],"version-history":[{"count":4,"href":"https:\/\/blisko.ch\/en\/wp-json\/wp\/v2\/pages\/3\/revisions"}],"predecessor-version":[{"id":379,"href":"https:\/\/blisko.ch\/en\/wp-json\/wp\/v2\/pages\/3\/revisions\/379"}],"wp:attachment":[{"href":"https:\/\/blisko.ch\/en\/wp-json\/wp\/v2\/media?parent=3"}],"curies":[{"name":"wp","href":"https:\/\/api.w.org\/{rel}","templated":true}]}}