{"id":1165,"date":"2025-03-12T13:45:17","date_gmt":"2025-03-12T12:45:17","guid":{"rendered":"https:\/\/blisko.ch\/?page_id=1165"},"modified":"2025-03-14T11:55:24","modified_gmt":"2025-03-14T10:55:24","slug":"biznesowa-mentalnosc-szwajcarii","status":"publish","type":"page","link":"https:\/\/blisko.ch\/en\/biznesowa-mentalnosc-szwajcarii\/","title":{"rendered":"Biznesowa Mentalno\u015b\u0107 Szwajcarii, co nale\u017cy wiedzie\u0107 i jak operowa\u0107 na tym specyficznym rynku"},"content":{"rendered":"<p>[et_pb_section fb_built=&#8221;1&#8243; next_background_color=&#8221;#ffffff&#8221; _builder_version=&#8221;4.27.4&#8243; _module_preset=&#8221;default&#8221; background_enable_color=&#8221;off&#8221; use_background_color_gradient=&#8221;on&#8221; background_image=&#8221;https:\/\/blisko.ch\/wp-content\/uploads\/2025\/03\/Czerwony-Bialy-Kolaz-Post-na-Facebooka-\u2013-wydarzenie-sportowe6.jpg&#8221; parallax=&#8221;on&#8221; background_enable_video_mp4=&#8221;off&#8221; custom_margin=&#8221;||||false|false&#8221; custom_padding=&#8221;||307px||false|false&#8221; bottom_divider_style=&#8221;wave&#8221; bottom_divider_height=&#8221;200px&#8221; bottom_divider_repeat=&#8221;1.2x&#8221; hover_enabled=&#8221;0&#8243; global_colors_info=&#8221;{%22gcid-05e093ab-7f0f-4eb4-bcff-4c37a222099f%22:%91%22background_color%22%93}&#8221; module_alignment_last_edited=&#8221;on|phone&#8221; custom_padding_last_edited=&#8221;on|phone&#8221; custom_padding_phone=&#8221;||0px||false|false&#8221; sticky_enabled=&#8221;0&#8243; bottom_divider_color_last_edited=&#8221;on|phone&#8221; bottom_divider_color_phone=&#8221;RGBA(255,255,255,0)&#8221; custom_padding_tablet=&#8221;||307px||false|false&#8221;][et_pb_row column_structure=&#8221;1_3,1_3,1_3&#8243; _builder_version=&#8221;4.27.4&#8243; custom_margin=&#8221;80px||||false|false&#8221; custom_margin_last_edited=&#8221;off|tablet&#8221; custom_padding=&#8221;||28px|||&#8221; global_colors_info=&#8221;{}&#8221;][et_pb_column type=&#8221;1_3&#8243; _builder_version=&#8221;4.16&#8243; global_colors_info=&#8221;{}&#8221;][et_pb_social_media_follow use_icon_font_size=&#8221;on&#8221; _builder_version=&#8221;4.27.4&#8243; _module_preset=&#8221;default&#8221; border_radii=&#8221;on|23px|23px|23px|23px&#8221; border_width_all=&#8221;4px&#8221; border_color_all=&#8221;gcid-0d810e58-48ed-45cd-8622-c434898838e1&#8243; global_colors_info=&#8221;{%22gcid-0d810e58-48ed-45cd-8622-c434898838e1%22:%91%22border_color_all%22%93}&#8221;][et_pb_social_media_follow_network social_network=&#8221;facebook&#8221; url=&#8221;https:\/\/www.facebook.com\/blisko.ch&#8221; _builder_version=&#8221;4.27.2&#8243; _module_preset=&#8221;default&#8221; background_color=&#8221;gcid-a093e1c7-40a4-48b2-bcac-fd313c5024e6&#8243; background_enable_color=&#8221;on&#8221; border_color_all=&#8221;gcid-a093e1c7-40a4-48b2-bcac-fd313c5024e6&#8243; global_colors_info=&#8221;{%22gcid-093d4f14-1afe-470e-93d5-4ccf1ef4af13%22:%91%22background_color__hover%22%93,%22gcid-a093e1c7-40a4-48b2-bcac-fd313c5024e6%22:%91%22icon_color__hover%22,%22background_color%22,%22border_color_all%22%93}&#8221; background__hover_enabled=&#8221;on|hover&#8221; background_color__hover=&#8221;#f8f9fa&#8221; background_enable_color__hover=&#8221;on&#8221; icon_color__hover_enabled=&#8221;on|hover&#8221; icon_color__hover=&#8221;#cc97bb&#8221; follow_button=&#8221;off&#8221; url_new_window=&#8221;on&#8221;]facebook[\/et_pb_social_media_follow_network][et_pb_social_media_follow_network social_network=&#8221;instagram&#8221; url=&#8221;https:\/\/www.instagram.com\/blisko.ch\/&#8221; _builder_version=&#8221;4.27.2&#8243; _module_preset=&#8221;default&#8221; background_color=&#8221;gcid-a093e1c7-40a4-48b2-bcac-fd313c5024e6&#8243; background_enable_color=&#8221;on&#8221; border_color_all=&#8221;gcid-a093e1c7-40a4-48b2-bcac-fd313c5024e6&#8243; global_colors_info=&#8221;{%22gcid-093d4f14-1afe-470e-93d5-4ccf1ef4af13%22:%91%22background_color__hover%22%93,%22gcid-a093e1c7-40a4-48b2-bcac-fd313c5024e6%22:%91%22background_color%22,%22icon_color__hover%22,%22border_color_all%22%93}&#8221; background__hover_enabled=&#8221;on|hover&#8221; background_color__hover=&#8221;#f8f9fa&#8221; background_enable_color__hover=&#8221;on&#8221; icon_color__hover_enabled=&#8221;on|hover&#8221; icon_color__hover=&#8221;#cc97bb&#8221; follow_button=&#8221;off&#8221; url_new_window=&#8221;on&#8221;]instagram[\/et_pb_social_media_follow_network][\/et_pb_social_media_follow][et_pb_text _builder_version=&#8221;4.27.4&#8243; text_font_size=&#8221;16px&#8221; text_line_height=&#8221;1.8em&#8221; header_font=&#8221;|700|||||||&#8221; header_2_font=&#8221;||||||||&#8221; header_2_text_color=&#8221;#2a3749&#8243; header_2_font_size=&#8221;50px&#8221; header_2_line_height=&#8221;1.3em&#8221; header_4_font=&#8221;||||||||&#8221; header_4_text_color=&#8221;#e8b427&#8243; header_4_font_size=&#8221;14px&#8221; custom_margin=&#8221;|-394px||||&#8221; custom_padding=&#8221;||1px|||&#8221; header_2_font_size_tablet=&#8221;32px&#8221; header_2_font_size_phone=&#8221;24px&#8221; header_2_font_size_last_edited=&#8221;on|phone&#8221; locked=&#8221;off&#8221; global_colors_info=&#8221;{}&#8221;][\/et_pb_text][\/et_pb_column][et_pb_column type=&#8221;1_3&#8243; _builder_version=&#8221;4.27.4&#8243; _module_preset=&#8221;default&#8221; global_colors_info=&#8221;{}&#8221;][\/et_pb_column][et_pb_column type=&#8221;1_3&#8243; _builder_version=&#8221;4.27.4&#8243; _module_preset=&#8221;default&#8221; global_colors_info=&#8221;{}&#8221;][\/et_pb_column][\/et_pb_row][\/et_pb_section][et_pb_section fb_built=&#8221;1&#8243; _builder_version=&#8221;4.27.2&#8243; _module_preset=&#8221;default&#8221; custom_padding=&#8221;0px||||false|false&#8221; global_colors_info=&#8221;{}&#8221;][et_pb_row column_structure=&#8221;1_2,1_2&#8243; _builder_version=&#8221;4.27.2&#8243; custom_margin_tablet=&#8221;||-80px||false|false&#8221; custom_margin_phone=&#8221;&#8221; custom_margin_last_edited=&#8221;on|tablet&#8221; animation_style=&#8221;fade&#8221; global_colors_info=&#8221;{}&#8221;][et_pb_column type=&#8221;1_2&#8243; _builder_version=&#8221;4.16&#8243; background_color=&#8221;#ffffff&#8221; custom_padding=&#8221;30px|30px|30px|30px|true|true&#8221; custom_padding_tablet=&#8221;&#8221; custom_padding_phone=&#8221;|20px||20px|true|true&#8221; custom_padding_last_edited=&#8221;on|phone&#8221; border_radii=&#8221;on|10px|10px|10px|10px&#8221; box_shadow_style=&#8221;preset1&#8243; box_shadow_color=&#8221;rgba(12,113,195,0.13)&#8221; global_colors_info=&#8221;{}&#8221;][et_pb_blurb title=&#8221;Kiedy?&#8221; use_icon=&#8221;on&#8221; font_icon=&#8221;&#xf133;||fa||400&#8243; icon_color=&#8221;gcid-a093e1c7-40a4-48b2-bcac-fd313c5024e6&#8243; icon_placement=&#8221;left&#8221; _builder_version=&#8221;4.27.4&#8243; _module_preset=&#8221;default&#8221; global_colors_info=&#8221;{%22gcid-a093e1c7-40a4-48b2-bcac-fd313c5024e6%22:%91%22icon_color%22%93}&#8221;]<\/p>\n<p>Date: 20<span style=\"font-weight: 400;\"> March 2025<\/span><\/p>\n<p><span style=\"font-weight: 400;\">Time: 17:00<\/span><\/p>\n<p>[\/et_pb_blurb][\/et_pb_column][et_pb_column type=&#8221;1_2&#8243; _builder_version=&#8221;4.16&#8243; background_color=&#8221;#ffffff&#8221; custom_padding=&#8221;30px|30px|30px|30px|true|true&#8221; custom_padding_tablet=&#8221;&#8221; custom_padding_phone=&#8221;|20px||20px|true|true&#8221; custom_padding_last_edited=&#8221;on|phone&#8221; border_radii=&#8221;on|10px|10px|10px|10px&#8221; box_shadow_style=&#8221;preset1&#8243; box_shadow_color=&#8221;rgba(12,113,195,0.13)&#8221; global_colors_info=&#8221;{}&#8221;][et_pb_blurb title=&#8221;Do\u0142\u0105cz do spotkania&#8221; use_icon=&#8221;on&#8221; font_icon=&#8221;&#xf3c5;||fa||900&#8243; icon_color=&#8221;gcid-a093e1c7-40a4-48b2-bcac-fd313c5024e6&#8243; icon_placement=&#8221;left&#8221; _builder_version=&#8221;4.27.4&#8243; _module_preset=&#8221;default&#8221; body_link_text_color=&#8221;gcid-a093e1c7-40a4-48b2-bcac-fd313c5024e6&#8243; global_colors_info=&#8221;{%22gcid-a093e1c7-40a4-48b2-bcac-fd313c5024e6%22:%91%22icon_color%22,%22body_link_text_color%22%93}&#8221;]<\/p>\n<p>Use the sign-up form at the bottom of the page<\/p>\n<p>[\/et_pb_blurb][\/et_pb_column][\/et_pb_row][et_pb_row column_structure=&#8221;1_2,1_2&#8243; _builder_version=&#8221;4.27.4&#8243; custom_margin_tablet=&#8221;||-80px||false|false&#8221; custom_margin_phone=&#8221;&#8221; custom_margin_last_edited=&#8221;on|tablet&#8221; animation_style=&#8221;fade&#8221; global_colors_info=&#8221;{}&#8221;][et_pb_column type=&#8221;1_2&#8243; _builder_version=&#8221;4.16&#8243; background_color=&#8221;#ffffff&#8221; custom_padding=&#8221;30px|30px|30px|30px|true|true&#8221; custom_padding_tablet=&#8221;&#8221; custom_padding_phone=&#8221;|20px||20px|true|true&#8221; custom_padding_last_edited=&#8221;on|phone&#8221; border_radii=&#8221;on|10px|10px|10px|10px&#8221; box_shadow_style=&#8221;preset1&#8243; box_shadow_color=&#8221;rgba(12,113,195,0.13)&#8221; global_colors_info=&#8221;{}&#8221;][et_pb_blurb title=&#8221;Miejsce wydarzenia&#8221; use_icon=&#8221;on&#8221; font_icon=&#8221;&#xf3c5;||fa||900&#8243; icon_color=&#8221;gcid-a093e1c7-40a4-48b2-bcac-fd313c5024e6&#8243; icon_placement=&#8221;left&#8221; _builder_version=&#8221;4.27.4&#8243; _module_preset=&#8221;default&#8221; global_colors_info=&#8221;{%22gcid-a093e1c7-40a4-48b2-bcac-fd313c5024e6%22:%91%22icon_color%22%93}&#8221;]<\/p>\n<p>Zoom platform<\/p>\n<p>[\/et_pb_blurb][\/et_pb_column][et_pb_column type=&#8221;1_2&#8243; _builder_version=&#8221;4.16&#8243; background_color=&#8221;#ffffff&#8221; custom_padding=&#8221;30px|30px|30px|30px|true|true&#8221; custom_padding_tablet=&#8221;&#8221; custom_padding_phone=&#8221;|20px||20px|true|true&#8221; custom_padding_last_edited=&#8221;on|phone&#8221; border_radii=&#8221;on|10px|10px|10px|10px&#8221; box_shadow_style=&#8221;preset1&#8243; box_shadow_color=&#8221;rgba(12,113,195,0.13)&#8221; global_colors_info=&#8221;{}&#8221;][et_pb_blurb title=&#8221;Ceny bilet\u00f3w&#8221; use_icon=&#8221;on&#8221; font_icon=&#8221;&#xf3c5;||fa||900&#8243; icon_color=&#8221;gcid-a093e1c7-40a4-48b2-bcac-fd313c5024e6&#8243; icon_placement=&#8221;left&#8221; _builder_version=&#8221;4.27.4&#8243; _module_preset=&#8221;default&#8221; global_colors_info=&#8221;{%22gcid-a093e1c7-40a4-48b2-bcac-fd313c5024e6%22:%91%22icon_color%22%93}&#8221;]<\/p>\n<p>Voluntary contribution to the Association <\/p>\n<p>[\/et_pb_blurb][\/et_pb_column][\/et_pb_row][\/et_pb_section][et_pb_section fb_built=&#8221;1&#8243; custom_padding_last_edited=&#8221;on|phone&#8221; admin_label=&#8221;About&#8221; module_id=&#8221;kimjestesmy&#8221; _builder_version=&#8221;4.27.0&#8243; background_enable_color=&#8221;off&#8221; custom_margin=&#8221;0px||0px||false|false&#8221; custom_padding=&#8221;0px||0px||false|false&#8221; custom_padding_tablet=&#8221;&#8221; custom_padding_phone=&#8221;||0px||false|false&#8221; global_colors_info=&#8221;{%22gcid-093d4f14-1afe-470e-93d5-4ccf1ef4af13%22:%91%22background_color%22%93}&#8221;][et_pb_row _builder_version=&#8221;4.27.4&#8243; _module_preset=&#8221;default&#8221; custom_margin=&#8221;||||false|false&#8221; custom_padding=&#8221;|||0px||&#8221; animation_style=&#8221;fade&#8221; global_colors_info=&#8221;{}&#8221;][et_pb_column type=&#8221;4_4&#8243; _builder_version=&#8221;4.27.0&#8243; _module_preset=&#8221;default&#8221; global_colors_info=&#8221;{}&#8221;][et_pb_text _builder_version=&#8221;4.27.2&#8243; text_font=&#8221;|300|||||||&#8221; text_font_size=&#8221;16px&#8221; text_line_height=&#8221;1.8em&#8221; header_font=&#8221;||||||||&#8221; header_2_font=&#8221;||||||||&#8221; header_2_text_color=&#8221;#2a3749&#8243; header_2_font_size=&#8221;50px&#8221; header_2_line_height=&#8221;1.3em&#8221; header_4_font=&#8221;||||||||&#8221; header_4_text_color=&#8221;#e8b427&#8243; header_4_font_size=&#8221;14px&#8221; width=&#8221;100%&#8221; custom_padding=&#8221;||7px|0px||&#8221; header_2_font_size_tablet=&#8221;32px&#8221; header_2_font_size_phone=&#8221;24px&#8221; header_2_font_size_last_edited=&#8221;on|phone&#8221; locked=&#8221;off&#8221; global_colors_info=&#8221;{}&#8221;]<\/p>\n<p>Switzerland is a country with a unique business culture, where long-term relationships and the specifics of the local market are of paramount importance. If you are planning to do business in Switzerland or are already operating and want to better understand the business mentality of the Swiss, this webinar is for you.<\/p>\n<p><strong>The meeting will take the form of an interactive Q&amp;A session,<\/strong> in which participants can ask questions about doing business in Switzerland. Hosted by Joanna Szyma\u0144ska-Kok, an expert with more than 25 years of experience in business strategy, sales process optimisation and change management, she will share her knowledge and practical tips.<\/p>\n<p><strong>This is a unique opportunity to find out:<\/strong><\/p>\n<p>\u00a0- J<span style=\"text-decoration: underline;\">hat are the key differences in the Swiss business mentality?<\/span><br \/><span style=\"text-decoration: underline;\">\u00a0- How to effectively establish and maintain business relationships?<\/span><br \/><span style=\"text-decoration: underline;\">\u00a0- What challenges await entrepreneurs in this market?<\/span><br \/><span style=\"text-decoration: underline;\">\u00a0- What strategies can help you grow your business in Switzerland?<\/span><\/p>\n<p><strong>Leading:<\/strong><br \/>\u00a0<strong>Joanna Szyma\u0144ska-Kok<\/strong> - Entrepreneur and mentor for young entrepreneurs. She has many years of experience in the medical industry, e-health, business strategy and sales optimisation.<\/p>\n<p>By joining the webinar you will gain valuable insights from an expert who has been operating in the Swiss market for more than two decades with great success.<\/p>\n<p>Participation in the webinar is free of charge.<\/p>\n<p>[\/et_pb_text][\/et_pb_column][\/et_pb_row][\/et_pb_section][et_pb_section fb_built=&#8221;1&#8243; custom_padding_last_edited=&#8221;off|desktop&#8221; admin_label=&#8221;Mission&#8221; module_id=&#8221;zapisy&#8221; _builder_version=&#8221;4.27.4&#8243; background_image=&#8221;http:\/\/blisko.ch\/wp-content\/uploads\/2024\/07\/img-02-1.png&#8221; background_size=&#8221;initial&#8221; custom_margin=&#8221;0px||30px||false|false&#8221; custom_padding=&#8221;0px||||false|false&#8221; custom_padding_tablet=&#8221;40px||40px||true|false&#8221; custom_padding_phone=&#8221;10px||10px||true|false&#8221; locked=&#8221;off&#8221; global_colors_info=&#8221;{}&#8221;][et_pb_row _builder_version=&#8221;4.27.4&#8243; custom_margin_tablet=&#8221;||-80px||false|false&#8221; custom_margin_phone=&#8221;&#8221; custom_margin_last_edited=&#8221;on|tablet&#8221; global_colors_info=&#8221;{}&#8221;][et_pb_column type=&#8221;4_4&#8243; _builder_version=&#8221;4.16&#8243; background_color=&#8221;#ffffff&#8221; custom_padding=&#8221;30px|30px|30px|30px|true|true&#8221; custom_padding_tablet=&#8221;&#8221; custom_padding_phone=&#8221;|20px||20px|true|true&#8221; custom_padding_last_edited=&#8221;on|phone&#8221; border_radii=&#8221;on|10px|10px|10px|10px&#8221; box_shadow_style=&#8221;preset1&#8243; box_shadow_color=&#8221;rgba(12,113,195,0.13)&#8221; global_colors_info=&#8221;{}&#8221;][et_pb_contact_form use_spam_service=&#8221;on&#8221; recaptcha_list=&#8221;blisko|blisko-0&#8243; email=&#8221;info@blisko.ch&#8221; title=&#8221;Biznesowa mentalno\u015b\u0107 Szwajcarii | FORMULARZ ZAPIS\u00d3W:&#8221; custom_message=&#8221;Imi\u0119 i nazwisko: %%Name%%||et_pb_line_break_holder||Adres e-mail: %%Email%%||et_pb_line_break_holder||Telefon: %%Phone%%||et_pb_line_break_holder||Wybrany dzie\u0144: %%Day%%&#8221; use_redirect=&#8221;on&#8221; redirect_url=&#8221;https:\/\/blisko.ch\/blisko-ch-potwierdzenie-zapisow\/&#8221; success_message=&#8221;Dzi\u0119kujemy za zainteresowanie i ch\u0119\u0107 do\u0142\u0105czenia do naszego wydarzenia. &#8221; submit_button_text=&#8221;wy\u015blij&#8221; disabled_on=&#8221;off|off|off&#8221; _builder_version=&#8221;4.27.4&#8243; _module_preset=&#8221;default&#8221; _unique_id=&#8221;d46ac4e8-adbc-448e-9b58-95015e6b3036&#8243; form_field_background_color=&#8221;gcid-093d4f14-1afe-470e-93d5-4ccf1ef4af13&#8243; form_field_custom_margin=&#8221;||15px||false|false&#8221; custom_button=&#8221;on&#8221; button_text_size=&#8221;14px&#8221; button_text_color=&#8221;gcid-093d4f14-1afe-470e-93d5-4ccf1ef4af13&#8243; button_bg_color=&#8221;gcid-a093e1c7-40a4-48b2-bcac-fd313c5024e6&#8243; button_border_width=&#8221;9px&#8221; button_border_color=&#8221;gcid-a093e1c7-40a4-48b2-bcac-fd313c5024e6&#8243; button_border_radius=&#8221;25px&#8221; button_letter_spacing=&#8221;2px&#8221; button_font=&#8221;|||on|||||&#8221; custom_padding=&#8221;7px||||false|false&#8221; global_colors_info=&#8221;{%22gcid-093d4f14-1afe-470e-93d5-4ccf1ef4af13%22:%91%22form_field_background_color%22,%22button_text_color%22%93,%22gcid-a093e1c7-40a4-48b2-bcac-fd313c5024e6%22:%91%22button_bg_color%22,%22button_border_color%22%93}&#8221;][et_pb_contact_field field_id=&#8221;Name&#8221; field_title=&#8221;Imi\u0119 i Nazwisko&#8221; fullwidth_field=&#8221;on&#8221; _builder_version=&#8221;4.27.0&#8243; global_colors_info=&#8221;{}&#8221; button_text_size__hover_enabled=&#8221;off&#8221; button_one_text_size__hover_enabled=&#8221;off&#8221; button_two_text_size__hover_enabled=&#8221;off&#8221; button_text_color__hover_enabled=&#8221;off&#8221; button_one_text_color__hover_enabled=&#8221;off&#8221; button_two_text_color__hover_enabled=&#8221;off&#8221; button_border_width__hover_enabled=&#8221;off&#8221; button_one_border_width__hover_enabled=&#8221;off&#8221; button_two_border_width__hover_enabled=&#8221;off&#8221; button_border_color__hover_enabled=&#8221;off&#8221; button_one_border_color__hover_enabled=&#8221;off&#8221; button_two_border_color__hover_enabled=&#8221;off&#8221; button_border_radius__hover_enabled=&#8221;off&#8221; button_one_border_radius__hover_enabled=&#8221;off&#8221; button_two_border_radius__hover_enabled=&#8221;off&#8221; button_letter_spacing__hover_enabled=&#8221;off&#8221; button_one_letter_spacing__hover_enabled=&#8221;off&#8221; button_two_letter_spacing__hover_enabled=&#8221;off&#8221; button_bg_color__hover_enabled=&#8221;off&#8221; button_one_bg_color__hover_enabled=&#8221;off&#8221; button_two_bg_color__hover_enabled=&#8221;off&#8221;][\/et_pb_contact_field][et_pb_contact_field field_id=&#8221;Email&#8221; field_title=&#8221;Adres mailowy: &#8221; field_type=&#8221;email&#8221; _builder_version=&#8221;4.27.0&#8243; global_colors_info=&#8221;{}&#8221; button_text_size__hover_enabled=&#8221;off&#8221; button_one_text_size__hover_enabled=&#8221;off&#8221; button_two_text_size__hover_enabled=&#8221;off&#8221; button_text_color__hover_enabled=&#8221;off&#8221; button_one_text_color__hover_enabled=&#8221;off&#8221; button_two_text_color__hover_enabled=&#8221;off&#8221; button_border_width__hover_enabled=&#8221;off&#8221; button_one_border_width__hover_enabled=&#8221;off&#8221; button_two_border_width__hover_enabled=&#8221;off&#8221; button_border_color__hover_enabled=&#8221;off&#8221; button_one_border_color__hover_enabled=&#8221;off&#8221; button_two_border_color__hover_enabled=&#8221;off&#8221; button_border_radius__hover_enabled=&#8221;off&#8221; button_one_border_radius__hover_enabled=&#8221;off&#8221; button_two_border_radius__hover_enabled=&#8221;off&#8221; button_letter_spacing__hover_enabled=&#8221;off&#8221; button_one_letter_spacing__hover_enabled=&#8221;off&#8221; button_two_letter_spacing__hover_enabled=&#8221;off&#8221; button_bg_color__hover_enabled=&#8221;off&#8221; button_one_bg_color__hover_enabled=&#8221;off&#8221; button_two_bg_color__hover_enabled=&#8221;off&#8221;][\/et_pb_contact_field][et_pb_contact_field field_id=&#8221;Phone&#8221; field_title=&#8221;Telefon kontaktowy:&#8221; allowed_symbols=&#8221;numbers&#8221; _builder_version=&#8221;4.27.0&#8243; global_colors_info=&#8221;{}&#8221; button_text_size__hover_enabled=&#8221;off&#8221; button_one_text_size__hover_enabled=&#8221;off&#8221; button_two_text_size__hover_enabled=&#8221;off&#8221; button_text_color__hover_enabled=&#8221;off&#8221; button_one_text_color__hover_enabled=&#8221;off&#8221; button_two_text_color__hover_enabled=&#8221;off&#8221; button_border_width__hover_enabled=&#8221;off&#8221; button_one_border_width__hover_enabled=&#8221;off&#8221; button_two_border_width__hover_enabled=&#8221;off&#8221; button_border_color__hover_enabled=&#8221;off&#8221; button_one_border_color__hover_enabled=&#8221;off&#8221; button_two_border_color__hover_enabled=&#8221;off&#8221; button_border_radius__hover_enabled=&#8221;off&#8221; button_one_border_radius__hover_enabled=&#8221;off&#8221; button_two_border_radius__hover_enabled=&#8221;off&#8221; button_letter_spacing__hover_enabled=&#8221;off&#8221; button_one_letter_spacing__hover_enabled=&#8221;off&#8221; button_two_letter_spacing__hover_enabled=&#8221;off&#8221; button_bg_color__hover_enabled=&#8221;off&#8221; button_one_bg_color__hover_enabled=&#8221;off&#8221; button_two_bg_color__hover_enabled=&#8221;off&#8221;][\/et_pb_contact_field][et_pb_contact_field field_id=&#8221;Day&#8221; field_title=&#8221;Na kt\u00f3ry dzie\u0144 kupujesz bilet?&#8221; field_type=&#8221;select&#8221; select_options=&#8221;%91{%22value%22:%22Czwartek 20.03.2025 godzina 17:00%22,%22checked%22:0,%22dragID%22:-1}%93&#8243; fullwidth_field=&#8221;on&#8221; _builder_version=&#8221;4.27.4&#8243; _module_preset=&#8221;default&#8221; global_colors_info=&#8221;{}&#8221;][\/et_pb_contact_field][et_pb_contact_field field_id=&#8221;Data&#8221; field_title=&#8221; &#8221; field_type=&#8221;radio&#8221; radio_options=&#8221;%91{%22value%22:%22Zapozna\u0142am si\u0119 z dat\u0105 oraz harmonogramem Wydarzenia. Przyjmuj\u0119 do wiadomo\u015b\u0107, \u017ce zapisanie si\u0119 na wydarzenie jest r\u00f3wnoznaczne z konieczno\u015bci\u0105 dokonania op\u0142aty za bilet. %22,%22checked%22:0,%22dragID%22:-1}%93&#8243; fullwidth_field=&#8221;on&#8221; _builder_version=&#8221;4.27.4&#8243; _module_preset=&#8221;default&#8221; global_colors_info=&#8221;{}&#8221;][\/et_pb_contact_field][\/et_pb_contact_form][\/et_pb_column][\/et_pb_row][\/et_pb_section][et_pb_section fb_built=&#8221;1&#8243; custom_padding_last_edited=&#8221;off|desktop&#8221; admin_label=&#8221;Mission&#8221; module_id=&#8221;cele_wartosci&#8221; _builder_version=&#8221;4.27.2&#8243; background_enable_image=&#8221;off&#8221; background_size=&#8221;initial&#8221; custom_margin=&#8221;0px||30px||false|false&#8221; custom_padding=&#8221;0px||||false|false&#8221; custom_padding_tablet=&#8221;40px||40px||true|false&#8221; custom_padding_phone=&#8221;10px||10px||true|false&#8221; locked=&#8221;off&#8221; global_colors_info=&#8221;{}&#8221;][et_pb_row _builder_version=&#8221;4.27.2&#8243; _module_preset=&#8221;default&#8221; global_colors_info=&#8221;{}&#8221;][et_pb_column type=&#8221;4_4&#8243; _builder_version=&#8221;4.27.2&#8243; _module_preset=&#8221;default&#8221; global_colors_info=&#8221;{}&#8221;][et_pb_image src=&#8221;https:\/\/blisko.ch\/wp-content\/uploads\/2025\/03\/Czerwony-Bialy-Kolaz-Post-na-Facebooka-\u2013-wydarzenie-sportowe6.jpg&#8221; title_text=&#8221;Czerwony Bia\u0142y Kola\u017c Post na Facebooka \u2013 wydarzenie sportowe(6)&#8221; _builder_version=&#8221;4.27.4&#8243; _module_preset=&#8221;default&#8221; global_colors_info=&#8221;{}&#8221;][\/et_pb_image][\/et_pb_column][\/et_pb_row][\/et_pb_section]<\/p>\n<span class=\"et_bloom_bottom_trigger\"><\/span>","protected":false},"excerpt":{"rendered":"<p>Data: 20 marca 2025 Godzina: 17:00Skorzystaj z formularza zapis\u00f3w na dole stronyPlatforma ZoomDobrowolna wplata na rzecz Stowarzyszenia Szwajcaria to kraj o unikalnej kulturze biznesowej, w kt\u00f3rym d\u0142ugofalowe relacje i specyfika lokalnego rynku maj\u0105 ogromne znaczenie. Je\u015bli planujesz prowadzenie dzia\u0142alno\u015bci w Szwajcarii lub ju\u017c dzia\u0142asz i chcesz lepiej zrozumie\u0107 mentalno\u015b\u0107 biznesow\u0105 Szwajcar\u00f3w, ten webinar jest dla [&hellip;]<\/p>","protected":false},"author":1,"featured_media":0,"parent":0,"menu_order":0,"comment_status":"closed","ping_status":"closed","template":"","meta":{"_et_pb_use_builder":"on","_et_pb_old_content":"","_et_gb_content_width":"","_monsterinsights_skip_tracking":false,"_monsterinsights_sitenote_active":false,"_monsterinsights_sitenote_note":"","_monsterinsights_sitenote_category":0,"footnotes":""},"class_list":["post-1165","page","type-page","status-publish","hentry"],"_links":{"self":[{"href":"https:\/\/blisko.ch\/en\/wp-json\/wp\/v2\/pages\/1165","targetHints":{"allow":["GET"]}}],"collection":[{"href":"https:\/\/blisko.ch\/en\/wp-json\/wp\/v2\/pages"}],"about":[{"href":"https:\/\/blisko.ch\/en\/wp-json\/wp\/v2\/types\/page"}],"author":[{"embeddable":true,"href":"https:\/\/blisko.ch\/en\/wp-json\/wp\/v2\/users\/1"}],"replies":[{"embeddable":true,"href":"https:\/\/blisko.ch\/en\/wp-json\/wp\/v2\/comments?post=1165"}],"version-history":[{"count":12,"href":"https:\/\/blisko.ch\/en\/wp-json\/wp\/v2\/pages\/1165\/revisions"}],"predecessor-version":[{"id":1231,"href":"https:\/\/blisko.ch\/en\/wp-json\/wp\/v2\/pages\/1165\/revisions\/1231"}],"wp:attachment":[{"href":"https:\/\/blisko.ch\/en\/wp-json\/wp\/v2\/media?parent=1165"}],"curies":[{"name":"wp","href":"https:\/\/api.w.org\/{rel}","templated":true}]}}