{"id":3,"date":"2024-07-09T15:07:44","date_gmt":"2024-07-09T13:07:44","guid":{"rendered":"http:\/\/blisko.ch\/?page_id=3"},"modified":"2024-07-16T17:40:27","modified_gmt":"2024-07-16T15:40:27","slug":"polityka-prywatnosci","status":"publish","type":"page","link":"https:\/\/blisko.ch\/de\/polityka-prywatnosci\/","title":{"rendered":"Datenschutzbestimmungen"},"content":{"rendered":"[et_pb_section fb_built=\u201d1\u2033 admin_label=\u201dsection\u201d _builder_version=\u201d4.16\u2033 global_colors_info=\u201d{}\u201d][et_pb_row admin_label=\u201drow\u201d _builder_version=\u201d4.16\u2033 background_size=\u201dinitial\u201d background_position=\u201dtop_left\u201d background_repeat=\u201drepeat\u201d global_colors_info=\u201d{}\u201d][et_pb_column type=\u201d4_4\u2033 _builder_version=\u201d4.16\u2033 custom_padding=\u201d||\u201d global_colors_info=\u201d{}\u201d custom_padding__hover=\u201d|||\u201d][et_pb_text admin_label=\u201dText\u201d _builder_version=\u201d4.26.0\u2033 background_size=\u201dinitial\u201d background_position=\u201dtop_left\u201d background_repeat=\u201drepeat\u201d hover_enabled=\u201d0\u2033 global_colors_info=\u201d{}\u201d sticky_enabled=\u201d0\u2033]<p><\/p>\n<h2 class=\"wp-block-heading\">Wer wir sind<\/h2>\n<p><br \/><\/p>\n<p>Unsere Website-Adresse lautet: http:\/\/blisko.ch.<\/p>\n<p>&nbsp;<\/p>\n<p><br \/><\/p>\n<h2 class=\"wp-block-heading\">Medien<\/h2>\n<p>&nbsp;<\/p>\n<p>Die Besucher der Website k\u00f6nnen die vollst\u00e4ndigen Standortdaten von den Bildern auf der Website herunterladen und lesen.<\/p>\n<p><br \/><\/p>\n<h2 class=\"wp-block-heading\">Cookies<\/h2>\n<p><br \/><\/p>\n<p>Unsere Website verwendet Cookies.  Cookies sind kleine Textinformationen, die auf Ihrem Endger\u00e4t (z. B. Computer, Tablet, Smartphone) gespeichert werden und von unserem IKT-System (unsere eigenen Cookies) oder vom IKT-System Dritter (Cookies von Dritten) gelesen werden k\u00f6nnen. Einige der von uns verwendeten Cookies werden nach Beendigung Ihrer Browsersitzung, d.h. beim Schlie\u00dfen Ihres Browsers, gel\u00f6scht (sog. Session-Cookies). Andere Cookies werden auf Ihrem Endger\u00e4t gespeichert und erm\u00f6glichen es uns, Ihren Browser beim n\u00e4chsten Besuch der Website wiederzuerkennen (dauerhafte Cookies).<\/p>\n<p>Bei Ihrem ersten Besuch auf der Website werden Sie \u00fcber die Verwendung von Cookies informiert und nach Ihrem Einverst\u00e4ndnis mit der Verwendung von Cookies gefragt.<br \/>Sie k\u00f6nnen die Cookie-Einstellungen in Ihrem Browser jederzeit \u00e4ndern oder Cookies ganz l\u00f6schen. Die Browser verwalten die Cookie-Einstellungen auf unterschiedliche Weise. Im Hilfemen\u00fc Ihres Browsers finden Sie eine Erkl\u00e4rung, wie Sie Ihre Cookie-Einstellungen \u00e4ndern k\u00f6nnen.<br \/>Sie k\u00f6nnen auch Ihre Cookie-Einstellungen verwalten, indem Sie spezielle Add-ons installieren, mit denen Sie Cookies kontrollieren k\u00f6nnen. Die Deaktivierung oder Einschr\u00e4nkung von Cookies kann zu Schwierigkeiten bei der Nutzung unserer Website sowie vieler anderer Websites f\u00fchren, die Cookies verwenden.<\/p>\n<p>&nbsp;<\/p>\n<h2><\/h2>\n<h2>Server-Protokolle<\/h2>\n<p>&nbsp;<\/p>\n<p>Die Nutzung der Website beinhaltet das Senden von Anfragen an den Server, auf dem die Website gespeichert ist. Jede an den Server gerichtete Anfrage wird in den Serverprotokollen aufgezeichnet. <br \/>Die Protokolle enthalten unter anderem Ihre IP-Adresse, das Datum und die Uhrzeit des Servers, Informationen \u00fcber den Webbrowser und das von Ihnen verwendete Betriebssystem. <br \/>Die Protokolle werden auf dem Server gespeichert und aufbewahrt. Die in den Serverprotokollen gespeicherten Daten werden nicht mit bestimmten Nutzern der Website in Verbindung gebracht und werden von uns nicht verwendet, um Sie zu identifizieren. <br \/>Die Serverprotokolle sind nur Hilfsmaterial f\u00fcr die Verwaltung der Website, und ihr Inhalt wird nur den zur Verwaltung des Servers befugten Personen zug\u00e4nglich gemacht.<\/p>\n<p>&nbsp;<\/p>\n<p>&nbsp;<\/p>\n<h2>Google Analytics<\/h2>\n<p>&nbsp;<\/p>\n<p>Wir verwenden das Tool Google Analytics, das von Google LLC mit Sitz in den USA bereitgestellt wird. Der Zweck besteht darin, Statistiken zu erstellen und zu analysieren, um unsere Websites zu optimieren. Bei den gesammelten Daten handelt es sich um personenbezogene Daten, die es nicht erm\u00f6glichen, Sie zu identifizieren. Zu den Informationen, auf die wir im Rahmen von Google Analytics Zugriff haben, geh\u00f6ren insbesondere: Informationen \u00fcber das Betriebssystem und den Webbrowser, den Sie verwenden, die Seiten, die Sie innerhalb unserer Website ansehen, die Zeit, die Sie auf unserer Website und ihren Unterseiten verbringen, die Quelle, von der aus Sie zu unserer Website navigieren. Im Rahmen von Google Analytics verwenden wir Werbefunktionen wie demografische und Interessenberichte, Ihre Altersgruppe, Ihr Geschlecht, Ihren ungef\u00e4hren Standort und Ihre Interessen, die sich aus Ihrer Online-Aktivit\u00e4t ergeben.<br \/>Um Google Analytics nutzen zu k\u00f6nnen, haben wir einen speziellen Google Analytics-Tracking-Code in den Code unserer Website eingebaut. Der Tracking-Code verwendet Cookies von Google LLC, die den Google Analytics-Dienst betreffen.<\/p>\n<p>&nbsp;<\/p>\n<p>&nbsp;<\/p>\n<h2>Soziale Werkzeuge<\/h2>\n<p>&nbsp;<\/p>\n<p>Auf unserer Website werden soziale Tools von sozialen Netzwerken wie Instagram verwendet.<br \/>Zweck und Umfang der Datenerhebung und die weitere Verarbeitung und Nutzung der Daten durch die Diensteanbieter sowie die M\u00f6glichkeit der Kontaktaufnahme und Ihre diesbez\u00fcglichen Rechte und Einstellungsm\u00f6glichkeiten zum Schutz Ihrer Privatsph\u00e4re entnehmen Sie bitte den Datenschutzhinweisen der einzelnen Diensteanbieter. Instagram - <a href=\"https:\/\/help.instagram.com\/155833707900388\" target=\"_blank\" rel=\"noopener\">https:\/\/help.instagram.com\/155833707900388.<\/a><\/p>\n<p><br \/><\/p>\n<h2 class=\"wp-block-heading\">Einbetten von Inhalten von anderen Websites<\/h2>\n<p><br \/><\/p>\n<p>Die Artikel auf dieser Website k\u00f6nnen eingebettete Inhalte (z. B. Videos, Bilder, Artikel usw.) enthalten. Eingebettete Inhalte von anderen Websites verhalten sich so, als ob der Nutzer die betreffende Website direkt besucht h\u00e4tte.<\/p>\n<p><br \/><\/p>\n<p>Websites k\u00f6nnen Informationen \u00fcber Sie sammeln, Cookies verwenden, zus\u00e4tzliche Tracking-Systeme von Drittanbietern einbinden und Ihre Interaktionen mit eingebettetem Material \u00fcberwachen, einschlie\u00dflich der Verfolgung Ihrer Interaktionen mit eingebettetem Material, wenn Sie \u00fcber ein Konto verf\u00fcgen und auf dieser Website angemeldet sind.<\/p>\n<p><br \/><\/p>\n<h2 class=\"wp-block-heading\">Mit wem wir Daten teilen<\/h2>\n<p><br \/><\/p>\n<p>Wenn Sie eine Passwortr\u00fccksetzung anfordern, wird Ihre IP-Adresse in der gesendeten Nachricht enthalten sein.<\/p>\n<p><br \/><\/p>\n<h2 class=\"wp-block-heading\">Wie lange wir Ihre Daten aufbewahren<\/h2>\n<p><br \/><\/p>\n<p>Wenn Sie einen Kommentar hinterlassen, werden dessen Inhalt und Metadaten auf unbestimmte Zeit gespeichert. Auf diese Weise k\u00f6nnen wir nachfolgende Kommentare automatisch erkennen und genehmigen, ohne sie jedes Mal zur Moderation zu schicken.<\/p>\n<p><br \/><\/p>\n<p>Bei Nutzern, die sich auf unserer Website registriert haben (falls vorhanden), speichern wir auch die in das Profil eingegebenen pers\u00f6nlichen Daten. Jeder Nutzer kann seine pers\u00f6nlichen Daten jederzeit \u00fcberpr\u00fcfen, korrigieren oder l\u00f6schen (mit Ausnahme des Benutzernamens, der nicht ge\u00e4ndert werden kann). Auch die Administratoren der Website k\u00f6nnen diese Informationen einsehen und \u00e4ndern.<\/p>\n<p><br \/><\/p>\n<h2 class=\"wp-block-heading\">Welche Rechte haben Sie in Bezug auf Ihre Daten?<\/h2>\n<p><br \/><\/p>\n<p>Wenn Sie ein Benutzerkonto haben oder Kommentare auf dieser Website gepostet haben, k\u00f6nnen Sie eine Datei mit einem exportierten Satz Ihrer pers\u00f6nlichen Daten, die sich in unserem Besitz befinden, anfordern, einschlie\u00dflich aller von Ihnen bereitgestellten Informationen. Sie k\u00f6nnen auch verlangen, dass wir alle Ihre personenbezogenen Daten in unserem Besitz l\u00f6schen. Dies gilt nicht f\u00fcr Daten, die wir aus administrativen, rechtlichen oder Sicherheitsgr\u00fcnden aufbewahren m\u00fcssen.<\/p>\n<p><br \/><\/p>\n<h2 class=\"wp-block-heading\">Wohin wir Ihre Daten senden<\/h2>\n<p><br \/><\/p>\n<p>Besucherkommentare k\u00f6nnen mit Hilfe eines automatischen Spam-Erkennungsdienstes \u00fcberpr\u00fcft werden.<\/p>\n<p><\/p>[\/et_pb_text][\/et_pb_column][\/et_pb_row][\/et_pb_section].<span class=\"et_bloom_bottom_trigger\"><\/span>","protected":false},"excerpt":{"rendered":"<p>Wer wir sind Unsere Website-Adresse lautet: http:\/\/blisko.ch.   Medien Die Besucher der Website k\u00f6nnen die vollst\u00e4ndigen Standortangaben von den Bildern auf der Website herunterladen und lesen. Cookies - Cookies Unsere Website verwendet Cookies.  Cookies sind kleine Textinformationen, die auf Ihrem Endger\u00e4t (z. B. Computer, Tablet, Smartphone) gespeichert werden und von unserem IKT-System gelesen werden k\u00f6nnen (Cookies [...].<\/p>","protected":false},"author":1,"featured_media":0,"parent":0,"menu_order":0,"comment_status":"closed","ping_status":"open","template":"","meta":{"_et_pb_use_builder":"on","_et_pb_old_content":"<!-- wp:heading -->\n<h2 class=\"wp-block-heading\">Kim jeste\u015bmy<\/h2>\n<!-- \/wp:heading -->\n<!-- wp:paragraph -->\n<p><strong class=\"privacy-policy-tutorial\">Sugerowany tekst: <\/strong>Adres naszej strony internetowej to: http:\/\/blisko.ch.<\/p>\n<!-- \/wp:paragraph -->\n<!-- wp:heading -->\n<h2 class=\"wp-block-heading\">Komentarze<\/h2>\n<!-- \/wp:heading -->\n<!-- wp:paragraph -->\n<p><strong class=\"privacy-policy-tutorial\">Sugerowany tekst: <\/strong>Kiedy odwiedzaj\u0105cy witryn\u0119 zostawia komentarz, zbieramy dane widoczne w formularzu komentowania, jak i adres IP odwiedzaj\u0105cego oraz podpis jego przegl\u0105darki jako pomoc przy wykrywaniu spamu.<\/p>\n<!-- \/wp:paragraph -->\n<!-- wp:paragraph -->\n<p>Anonimizowany ci\u0105g znak\u00f3w utworzony z twojego adresu e-mail (zwany te\u017c hashem) mo\u017ce zosta\u0107 przes\u0142any do us\u0142ugi Gravatar w celu sprawdzenia czy jest u\u017cywany. Polityka prywatno\u015bci us\u0142ugi Gravatar jest dost\u0119pna pod adresem: https:\/\/automattic.com\/privacy\/. Po zatwierdzeniu komentarza tw\u00f3j obrazek profilowy jest widoczny publicznie w kontek\u015bcie twojego komentarza.<\/p>\n<!-- \/wp:paragraph -->\n<!-- wp:heading -->\n<h2 class=\"wp-block-heading\">Media<\/h2>\n<!-- \/wp:heading -->\n<!-- wp:paragraph -->\n<p><strong class=\"privacy-policy-tutorial\">Sugerowany tekst: <\/strong>Je\u015bli jeste\u015b zarejestrowanym u\u017cytkownikiem i wgrywasz na witryn\u0119 obrazki, powiniene\u015b unika\u0107 przesy\u0142ania obrazk\u00f3w z tagami EXIF lokalizacji. Odwiedzaj\u0105cy stron\u0119 mog\u0105 pobra\u0107 i odczyta\u0107 pe\u0142ne dane lokalizacyjne z obrazk\u00f3w w witrynie.<\/p>\n<!-- \/wp:paragraph -->\n<!-- wp:heading -->\n<h2 class=\"wp-block-heading\">Ciasteczka<\/h2>\n<!-- \/wp:heading -->\n<!-- wp:paragraph -->\n<p><strong class=\"privacy-policy-tutorial\">Sugerowany tekst: <\/strong>Je\u015bli skomentujesz co\u015b w witrynie, b\u0119dzie mo\u017cna wybra\u0107 opcj\u0119 zapisu nazwy, adresu e-mail i witryny internetowej w ciasteczkach, dzi\u0119ki kt\u00f3rym podczas pisania kolejnych komentarzy powy\u017csze informacje b\u0119d\u0105 ju\u017c dogodnie uzupe\u0142nione. Ciasteczka wygasaj\u0105 po roku.<\/p>\n<!-- \/wp:paragraph -->\n<!-- wp:paragraph -->\n<p>Je\u015bli odwiedzisz stron\u0119 logowania, utworzymy tymczasowe ciasteczko na potrzeby sprawdzenia czy twoja przegl\u0105darka akceptuje ciasteczka. Nie zawiera ono \u017cadnych danych osobistych i zostanie usuni\u0119te, kiedy przegl\u0105darka zostanie zamkni\u0119ta.<\/p>\n<!-- \/wp:paragraph -->\n<!-- wp:paragraph -->\n<p>Podczas logowania tworzymy dodatkowo kilka ciasteczek potrzebnych do zapisu twoich informacji logowania oraz wybranych opcji ekranu. Ciasteczka logowania wygasaj\u0105 po dw\u00f3ch dniach, a opcji ekranu po roku. Je\u015bli zaznaczysz opcj\u0119 &bdquo;Pami\u0119taj mnie&rdquo;, logowanie wyga\u015bnie po dw\u00f3ch tygodniach. Je\u015bli wylogujesz si\u0119 ze swojego konta, ciasteczka logowania zostan\u0105 usuni\u0119te.<\/p>\n<!-- \/wp:paragraph -->\n<!-- wp:paragraph -->\n<p>Je\u015bli zmodyfikujesz albo opublikujesz artyku\u0142, w twojej przegl\u0105darce zostanie zapisane dodatkowe ciasteczko. To ciasteczko nie zawiera \u017cadnych danych osobistych, wskazuj\u0105c po prostu na identyfikator przed chwil\u0105 edytowanego artyku\u0142u. Wygasa ono po 1 dniu.<\/p>\n<!-- \/wp:paragraph -->\n<!-- wp:heading -->\n<h2 class=\"wp-block-heading\">Osadzone tre\u015bci z innych witryn<\/h2>\n<!-- \/wp:heading -->\n<!-- wp:paragraph -->\n<p><strong class=\"privacy-policy-tutorial\">Sugerowany tekst: <\/strong>Artyku\u0142y na tej witrynie mog\u0105 zawiera\u0107 osadzone tre\u015bci (np. filmy, obrazki, artyku\u0142y itp.). Osadzone tre\u015bci z innych witryn zachowuj\u0105 si\u0119 analogicznie do tego, jakby u\u017cytkownik odwiedzi\u0142 bezpo\u015brednio konkretn\u0105 witryn\u0119.<\/p>\n<!-- \/wp:paragraph -->\n<!-- wp:paragraph -->\n<p>Witryny mog\u0105 zbiera\u0107 informacje o tobie, u\u017cywa\u0107 ciasteczek, do\u0142\u0105cza\u0107 dodatkowe, zewn\u0119trzne systemy \u015bledzenia i monitorowa\u0107 twoje interakcje z osadzonym materia\u0142em, w\u0142\u0105czaj\u0105c w to \u015bledzenie twoich interakcji z osadzonym materia\u0142em je\u015bli posiadasz konto i jeste\u015b zalogowany w tamtej witrynie.<\/p>\n<!-- \/wp:paragraph -->\n<!-- wp:heading -->\n<h2 class=\"wp-block-heading\">Z kim dzielimy si\u0119 danymi<\/h2>\n<!-- \/wp:heading -->\n<!-- wp:paragraph -->\n<p><strong class=\"privacy-policy-tutorial\">Sugerowany tekst: <\/strong>Je\u015bli za\u017c\u0105dasz zresetowania has\u0142a, tw\u00f3j adres IP zostanie do\u0142\u0105czony do wysy\u0142anej wiadomo\u015bci.<\/p>\n<!-- \/wp:paragraph -->\n<!-- wp:heading -->\n<h2 class=\"wp-block-heading\">Jak d\u0142ugo przechowujemy twoje dane<\/h2>\n<!-- \/wp:heading -->\n<!-- wp:paragraph -->\n<p><strong class=\"privacy-policy-tutorial\">Sugerowany tekst: <\/strong>Je\u015bli zostawisz komentarz, jego tre\u015b\u0107 i metadane b\u0119d\u0105 przechowywane przez czas nieokre\u015blony. Dzi\u0119ki temu jeste\u015bmy w stanie rozpoznawa\u0107 i zatwierdza\u0107 kolejne komentarze automatycznie, bez wysy\u0142ania ich do ka\u017cdorazowej moderacji.<\/p>\n<!-- \/wp:paragraph -->\n<!-- wp:paragraph -->\n<p>Dla u\u017cytkownik\u00f3w kt\u00f3rzy zarejestrowali si\u0119 na naszej stronie internetowej (je\u015bli tacy s\u0105), przechowujemy r\u00f3wnie\u017c informacje osobiste wprowadzone w profilu. Ka\u017cdy u\u017cytkownik mo\u017ce dokona\u0107 wgl\u0105du, korekty albo skasowa\u0107 swoje informacje osobiste w dowolnej chwili (nie licz\u0105c nazwy u\u017cytkownika, kt\u00f3rej nie mo\u017cna zmieni\u0107). Administratorzy strony r\u00f3wnie\u017c mog\u0105 przegl\u0105da\u0107 i modyfikowa\u0107 te informacje.<\/p>\n<!-- \/wp:paragraph -->\n<!-- wp:heading -->\n<h2 class=\"wp-block-heading\">Jakie masz prawa do swoich danych<\/h2>\n<!-- \/wp:heading -->\n<!-- wp:paragraph -->\n<p><strong class=\"privacy-policy-tutorial\">Sugerowany tekst: <\/strong>Je\u015bli masz konto u\u017cytkownika albo doda\u0142e\u015b komentarze w tej witrynie, mo\u017cesz za\u017c\u0105da\u0107 dostarczenia pliku z wyeksportowanym kompletem twoich danych osobistych b\u0119d\u0105cych w naszym posiadaniu, w tym ca\u0142o\u015b\u0107 tych dostarczonych przez ciebie. Mo\u017cesz r\u00f3wnie\u017c za\u017c\u0105da\u0107 usuni\u0119cia przez nas ca\u0142o\u015bci twoich danych osobistych w naszym posiadaniu. Nie dotyczy to \u017cadnych danych kt\u00f3re jeste\u015bmy zobligowani zachowa\u0107 ze wzgl\u0119d\u00f3w administracyjnych, prawnych albo bezpiecze\u0144stwa.<\/p>\n<!-- \/wp:paragraph -->\n<!-- wp:heading -->\n<h2 class=\"wp-block-heading\">Gdzie wys\u0142amy twoje dane<\/h2>\n<!-- \/wp:heading -->\n<!-- wp:paragraph -->\n<p><strong class=\"privacy-policy-tutorial\">Sugerowany tekst: <\/strong>Komentarze go\u015bci mog\u0105 by\u0107 sprawdzane za pomoc\u0105 automatycznej us\u0142ugi wykrywania spamu.<\/p>\n<!-- \/wp:paragraph -->\n","_et_gb_content_width":"","_monsterinsights_skip_tracking":false,"_monsterinsights_sitenote_active":false,"_monsterinsights_sitenote_note":"","_monsterinsights_sitenote_category":0,"footnotes":""},"class_list":["post-3","page","type-page","status-publish","hentry"],"_links":{"self":[{"href":"https:\/\/blisko.ch\/de\/wp-json\/wp\/v2\/pages\/3","targetHints":{"allow":["GET"]}}],"collection":[{"href":"https:\/\/blisko.ch\/de\/wp-json\/wp\/v2\/pages"}],"about":[{"href":"https:\/\/blisko.ch\/de\/wp-json\/wp\/v2\/types\/page"}],"author":[{"embeddable":true,"href":"https:\/\/blisko.ch\/de\/wp-json\/wp\/v2\/users\/1"}],"replies":[{"embeddable":true,"href":"https:\/\/blisko.ch\/de\/wp-json\/wp\/v2\/comments?post=3"}],"version-history":[{"count":4,"href":"https:\/\/blisko.ch\/de\/wp-json\/wp\/v2\/pages\/3\/revisions"}],"predecessor-version":[{"id":379,"href":"https:\/\/blisko.ch\/de\/wp-json\/wp\/v2\/pages\/3\/revisions\/379"}],"wp:attachment":[{"href":"https:\/\/blisko.ch\/de\/wp-json\/wp\/v2\/media?parent=3"}],"curies":[{"name":"wp","href":"https:\/\/api.w.org\/{rel}","templated":true}]}}