{"id":268,"date":"2024-07-11T18:14:01","date_gmt":"2024-07-11T16:14:01","guid":{"rendered":"https:\/\/blisko.ch\/?page_id=268"},"modified":"2024-10-01T18:30:54","modified_gmt":"2024-10-01T16:30:54","slug":"regulamin","status":"publish","type":"page","link":"https:\/\/blisko.ch\/de\/regulamin\/","title":{"rendered":"Regelungen"},"content":{"rendered":"[et_pb_section fb_built=\u201d1\u2033 admin_label=\u201dsection\u201d _builder_version=\u201d4.16\u2033 global_colors_info=\u201d{}\u201d][et_pb_row admin_label=\u201drow\u201d _builder_version=\u201d4.16\u2033 background_size=\u201dinitial\u201d background_position=\u201dtop_left\u201d background_repeat=\u201drepeat\u201d global_colors_info=\u201d{}\u201d][et_pb_column type=\u201d4_4\u2033 _builder_version=\u201d4.16\u2033 custom_padding=\u201d||\u201d global_colors_info=\u201d{}\u201d custom_padding__hover=\u201d|||\u201d][et_pb_text admin_label=\u201dText\u201d _builder_version=\u201d4.27.0\u2033 background_size=\u201dinitial\u201d background_position=\u201dtop_left\u201d background_repeat=\u201drepeat\u201d hover_enabled=\u201d0\u2033 global_colors_info=\u201d{}\u201d sticky_enabled=\u201d0\u2033]<p><\/p>\n<h2 class=\"wp-block-heading\" style=\"text-align: center;\">Regelungen<\/h2>\n<p style=\"text-align: center;\"><\/p>\n<p style=\"text-align: center;\">Gesch\u00e4ftsordnung f\u00fcr die Mitgliedschaft in der BLISKO Association<\/p>\n<p style=\"text-align: center;\"><strong>\u00a71 Allgemeine Bestimmungen<\/strong><\/p>\n<p><span style=\"font-weight: 400;\">Mitglied der Vereinigung kann jede Person werden, die die folgenden Kriterien erf\u00fcllt:<\/span><\/p>\n<ul>\n<li><span style=\"font-weight: 400;\">Er lebt und arbeitet in der Schweiz.<\/span><\/li>\n<li><span style=\"font-weight: 400;\">Identifiziert sich mit dem Auftrag und den Werten der Vereinigung.<\/span><\/li>\n<li><span style=\"font-weight: 400;\">Sie m\u00f6chte Projekte in den Bereichen Integration, pers\u00f6nliche Entwicklung, Bildung und Erziehung sowie Kunst durchf\u00fchren.<\/span><\/li>\n<li><span style=\"font-weight: 400;\">Er verpflichtet sich, die Statuten und Reglemente der Vereinigung einzuhalten.<\/span><\/li>\n<li><span style=\"font-weight: 400;\">Reicht einen Antrag ein und zahlt den Mitgliedsbeitrag.<\/span><\/li>\n<\/ul>\n<p>&nbsp;<\/p>\n<p style=\"text-align: center;\"><strong>\u00a72 Antragsverfahren<\/strong><\/p>\n<p><span style=\"font-weight: 400;\">Um Mitglied der Vereinigung zu werden, muss ein Antragsteller:<\/span><\/p>\n<ul>\n<li><span style=\"font-weight: 400;\">F\u00fcllen Sie das entsprechende Antragsformular aus und reichen Sie es ein.<\/span><\/li>\n<li><span style=\"font-weight: 400;\">Zahlen Sie den Mitgliedsbeitrag f\u00fcr das betreffende Kalenderjahr. Auf die angegebene Kontonummer ..........<\/span><\/li>\n<\/ul>\n<p><span style=\"font-weight: 400;\">Der Antrag wird von der Abteilung MITGLIEDSCHAFT des Vereins gepr\u00fcft, die \u00fcber die Aufnahme auf der Grundlage der Vereinbarkeit mit den Zielen und Werten des Vereins entscheidet. Der Antrag wird innerhalb von 14 Arbeitstagen bearbeitet. Die Vereinigung erstattet den Mitgliedsbeitrag f\u00fcr das betreffende Jahr nicht zur\u00fcck, <\/span><span style=\"font-weight: 400;\">\u00a0im Falle einer K\u00fcndigung der Mitgliedschaft w\u00e4hrend des Kalenderjahres.<\/span><\/p>\n<p>&nbsp;<\/p>\n<p style=\"text-align: center;\"><strong>\u00a73 Arten der Mitgliedschaft<\/strong><\/p>\n<ol>\n<li style=\"font-weight: 400;\" aria-level=\"1\"><span style=\"font-weight: 400;\">Es gibt drei Arten der Mitgliedschaft in der Vereinigung:<\/span><\/li>\n<\/ol>\n<ul>\n<li><b>Vollmitgliedschaft<\/b><span style=\"font-weight: 400;\"> - f\u00fcr diejenigen, die aktiv an Aktivit\u00e4ten beteiligt sind, die an Projekten und Veranstaltungen teilnehmen m\u00f6chten und die ihre Dienstleistungen durch die Aktivit\u00e4ten der Vereinigung f\u00f6rdern m\u00f6chten.<\/span><\/li>\n<li><b>Unterst\u00fctzende Mitgliedschaft<\/b><span style=\"font-weight: 400;\"> - f\u00fcr Personen, die den Verein finanziell oder organisatorisch unterst\u00fctzen wollen, sich aber nicht aktiv am Tagesgeschehen beteiligen und ihre Aktivit\u00e4ten nicht f\u00f6rdern.<\/span><\/li>\n<li><b>Ehrenmitgliedschaft<\/b><span style=\"font-weight: 400;\"> - die vom Vorstand f\u00fcr besondere Verdienste um die Vereinigung verliehen werden.<\/span><\/li>\n<\/ul>\n<p style=\"text-align: center;\"><strong>\u00a74 Verantwortlichkeiten der Mitglieder<\/strong><\/p>\n<ol>\n<li style=\"font-weight: 400;\" aria-level=\"1\"><span style=\"font-weight: 400;\">Personen, die Vollmitglieder der Vereinigung sind, sind verpflichtet:<\/span><\/li>\n<\/ol>\n<ul>\n<li><span style=\"font-weight: 400;\">Einmal im Jahr einen Beitrag von 55 CHF zu zahlen.<\/span><\/li>\n<li><span style=\"font-weight: 400;\">Aktive Teilnahme an den Aktivit\u00e4ten der Vereinigung, einschlie\u00dflich der Teilnahme an Sitzungen und der Beantwortung von Schriftverkehr.<\/span><\/li>\n<li><span style=\"font-weight: 400;\">Vorbereitung von Materialien gem\u00e4\u00df den Standards der Vereinigung.\n<p><\/span><span style=\"font-weight: 400;\">2 F\u00f6rdernde Mitglieder sind dazu verpflichtet:<\/span><\/li>\n<\/ul>\n<ol><\/ol>\n<ul>\n<li><span style=\"font-weight: 400;\">Regelm\u00e4ssige Zahlung der Pr\u00e4mien in beliebiger H\u00f6he, mindestens jedoch 25 CHF pro Jahr.<\/span><\/li>\n<li><span style=\"font-weight: 400;\">die Vereinigung je nach ihren M\u00f6glichkeiten finanziell oder organisatorisch zu unterst\u00fctzen.<\/span><\/li>\n<\/ul>\n<p>&nbsp;<\/p>\n<p style=\"text-align: center;\"><strong>\u00a75 Rechte der Mitglieder<\/strong><\/p>\n<p style=\"text-align: left;\">1. die Vollmitgliedschaft.<br \/>Ein Mitglied der Vereinigung hat das Recht auf:<\/p>\n<ul>\n<li style=\"text-align: left;\">\n<p><span style=\"font-weight: 400;\">Stellen Sie Ihre Visitenkarte auf die Website der Vereinigung und aktualisieren Sie sie bei \u00c4nderungen.<\/span><\/p>\n<\/li>\n<li style=\"text-align: left;\">\n<p><span style=\"font-weight: 400;\"><\/span><span style=\"font-weight: 400;\">Ver\u00f6ffentlichung von zwei Beitr\u00e4gen pro Jahr auf den offiziellen Social-Media-Kan\u00e4len der Vereinigung (Facebook und Instagram) in \u00dcbereinstimmung mit den von der Vereinigung geschaffenen Standards.<\/span><\/p>\n<\/li>\n<li style=\"text-align: left;\">\n<p><span style=\"font-weight: 400;\"><\/span><span style=\"font-weight: 400;\">Teilnahme an Projekten, die von der Vereinigung durchgef\u00fchrt werden.<\/span><\/p>\n<\/li>\n<li style=\"text-align: left;\">\n<p><span style=\"font-weight: 400;\"><\/span><span style=\"font-weight: 400;\">Teilnahme an der Generalversammlung mit Stimmrecht (gilt f\u00fcr Voll- und Ehrenmitglieder).<\/span><\/p>\n<\/li>\n<li style=\"text-align: left;\">\n<p><span style=\"font-weight: 400;\"><\/span><span style=\"font-weight: 400;\">Nutzen Sie die von der Vereinigung angebotenen Ressourcen und Unterst\u00fctzungsleistungen.<\/span><\/p>\n<\/li>\n<li style=\"text-align: left;\">\n<p><span style=\"font-weight: 400;\"><\/span><span style=\"font-weight: 400;\">F\u00fcr jeden weiteren gesponserten Beitrag, der \u00fcber die in den Allgemeinen Gesch\u00e4ftsbedingungen festgelegte Anzahl hinausgeht, wird eine zus\u00e4tzliche Geb\u00fchr von 20 chf erhoben.<\/span><\/p>\n<\/li>\n<li style=\"text-align: left;\">\n<p><span style=\"font-weight: 400;\"><\/span><span style=\"font-weight: 400;\">F\u00fcr Nicht-Mitglieder des Vereins: Preis f\u00fcr einen gesponserten Beitrag auf Facebook: ab CHF 100, auf Instagram (Bericht plus gesponserter Beitrag): ab CHF 150. Diese Preise gelten nicht f\u00fcr Vereinsmitglieder.<\/span><\/p>\n<\/li>\n<\/ul>\n<p>2 F\u00f6rdermitgliedschaft:<\/p>\n<ul>\n<li>\n<p><span style=\"font-weight: 400;\">Teilnahme an Projekten, die von der Vereinigung durchgef\u00fchrt werden.<\/span><\/p>\n<\/li>\n<li>\n<p><span style=\"font-weight: 400;\"><\/span><span style=\"font-weight: 400;\">Nutzen Sie die von der Vereinigung angebotenen Ressourcen und Unterst\u00fctzungsleistungen.<\/span><\/p>\n<\/li>\n<li>\n<p><span style=\"font-weight: 400;\"><\/span><span style=\"font-weight: 400;\">M\u00f6glichkeit zur Ver\u00f6ffentlichung von Werbebeitr\u00e4gen gegen eine Geb\u00fchr von 30 chf.<\/span>.<\/p>\n<\/li>\n<\/ul>\n<p>3 Ehrenmitgliedschaft<\/p>\n<ul>\n<li><span style=\"font-weight: 400;\">\u00a0\u00a0\u00a0\u00a0\u00a0<\/span><span style=\"font-weight: 400;\">Teilnahme an Projekten, die von der Vereinigung durchgef\u00fchrt werden.<\/span><\/li>\n<li><span style=\"font-weight: 400;\">Nutzen Sie die von der Vereinigung angebotenen Ressourcen und Unterst\u00fctzungsleistungen.<\/span><\/li>\n<li><span style=\"font-weight: 400;\">sich aktiv an der Arbeit des Vereins und der Verwirklichung seiner Ziele zu beteiligen.<\/span><\/li>\n<li><span style=\"font-weight: 400;\">M\u00f6glichkeit zur Ver\u00f6ffentlichung von Werbebeitr\u00e4gen gegen eine Geb\u00fchr von 30 chf.<\/span><\/li>\n<\/ul>\n<p style=\"text-align: center;\"><strong>\u00a76 R\u00fccktritts- und Ausschlussverfahren<\/strong><\/p>\n<p style=\"text-align: left;\"><b>Ein Mitglied kann jederzeit durch schriftliche Erkl\u00e4rung gegen\u00fcber dem Vorstand aus der Vereinigung austreten.<\/b><\/p>\n<p><span style=\"font-weight: 400;\">(1) Ein Ausschluss von der Mitgliedschaft kann erfolgen im Falle von:<\/span><\/p>\n<ul>\n<li><span style=\"font-weight: 400;\">Nichtbezahlung der Beitr\u00e4ge innerhalb der vereinbarten Frist.<\/span><\/li>\n<li><span style=\"font-weight: 400;\">Handlungen zum Nachteil der Vereinigung.<\/span><\/li>\n<li><span style=\"font-weight: 400;\">Verst\u00f6\u00dfe gegen die Statuten oder Vorschriften der Vereinigung.<\/span><\/li>\n<\/ul>\n<p><span style=\"font-weight: 400;\">(2) Die Entscheidung \u00fcber den Ausschluss wird vom Vorstand getroffen, und das Mitglied hat das Recht, die Generalversammlung anzurufen.<\/span><\/p>\n<p>&nbsp;<\/p>\n<p style=\"text-align: center;\"><strong>\u00a77 Schlussbestimmungen<\/strong><\/p>\n<ol>\n<li style=\"font-weight: 400;\" aria-level=\"1\"><span style=\"font-weight: 400;\">Jede Satzungs\u00e4nderung muss von der Generalversammlung genehmigt werden.<\/span><\/li>\n<li style=\"font-weight: 400;\" aria-level=\"1\"><span style=\"font-weight: 400;\">Die Gesch\u00e4ftsordnung tritt am Tag ihrer Annahme durch die Generalversammlung in Kraft.<\/span><\/li>\n<li style=\"font-weight: 400;\" aria-level=\"1\"><span style=\"font-weight: 400;\">Der Vorstand entscheidet, welche Projekte umgesetzt werden. Projekte, die von Mitgliedern durchgef\u00fchrt werden, k\u00f6nnen unterst\u00fctzt werden, indem sie auf SM-Kan\u00e4len zur Verf\u00fcgung gestellt werden. Der Verein muss sich nicht an den Projekten der Mitglieder beteiligen.<\/span><\/li>\n<li style=\"font-weight: 400;\" aria-level=\"1\"><span style=\"font-weight: 400;\">Die j\u00e4hrlichen Sitzungen finden im ersten Quartal des Kalenderjahres statt. <\/span><\/li>\n<\/ol>[\/et_pb_text][\/et_pb_column][\/et_pb_row][\/et_pb_section].<span class=\"et_bloom_bottom_trigger\"><\/span>","protected":false},"excerpt":{"rendered":"<p>Gesch\u00e4ftsordnung Mitgliedschaft im Verein BLISKO \u00a71 Allgemeine Bestimmungen Mitglied des Vereins kann jede Person werden, die die folgenden Kriterien erf\u00fcllt: Lebt und arbeitet in der Schweiz. Identifiziert sich mit dem Auftrag und den Werten des Vereins. Sie will Projekte in den Bereichen Integration, Pers\u00f6nlichkeitsentwicklung, Bildung und Erziehung sowie Kunst im weitesten Sinne umsetzen. Verpflichtet sich, die Statuten und Reglemente des Vereins einzuhalten. Will sich bewerben [...]<\/p>","protected":false},"author":5,"featured_media":0,"parent":0,"menu_order":0,"comment_status":"closed","ping_status":"closed","template":"","meta":{"_et_pb_use_builder":"on","_et_pb_old_content":"","_et_gb_content_width":"","_monsterinsights_skip_tracking":false,"_monsterinsights_sitenote_active":false,"_monsterinsights_sitenote_note":"","_monsterinsights_sitenote_category":0,"footnotes":""},"class_list":["post-268","page","type-page","status-publish","hentry"],"_links":{"self":[{"href":"https:\/\/blisko.ch\/de\/wp-json\/wp\/v2\/pages\/268","targetHints":{"allow":["GET"]}}],"collection":[{"href":"https:\/\/blisko.ch\/de\/wp-json\/wp\/v2\/pages"}],"about":[{"href":"https:\/\/blisko.ch\/de\/wp-json\/wp\/v2\/types\/page"}],"author":[{"embeddable":true,"href":"https:\/\/blisko.ch\/de\/wp-json\/wp\/v2\/users\/5"}],"replies":[{"embeddable":true,"href":"https:\/\/blisko.ch\/de\/wp-json\/wp\/v2\/comments?post=268"}],"version-history":[{"count":7,"href":"https:\/\/blisko.ch\/de\/wp-json\/wp\/v2\/pages\/268\/revisions"}],"predecessor-version":[{"id":728,"href":"https:\/\/blisko.ch\/de\/wp-json\/wp\/v2\/pages\/268\/revisions\/728"}],"wp:attachment":[{"href":"https:\/\/blisko.ch\/de\/wp-json\/wp\/v2\/media?parent=268"}],"curies":[{"name":"wp","href":"https:\/\/api.w.org\/{rel}","templated":true}]}}